{"id":686,"date":"2025-04-04T12:02:01","date_gmt":"2025-04-04T15:02:01","guid":{"rendered":"https:\/\/www.cfacheticamp.ca\/?page_id=686"},"modified":"2025-05-03T16:09:01","modified_gmt":"2025-05-03T19:09:01","slug":"getting-involved","status":"publish","type":"page","link":"https:\/\/www.cfacheticamp.ca\/en\/employment-and-volunteering\/getting-involved\/","title":{"rendered":"Getting Involved"},"content":{"rendered":"\n<h3 class=\"wp-block-heading\">Why Become a Volunteer?<\/h3>\n\n\n\n<p>Getting involved in the community of Ch\u00e9ticamp allows you to contribute to its vitality while forging strong ties with its residents.<\/p>\n\n\n\n<p>Volunteering will allow you to develop your skills through training, meet other community members, and actively contribute to local development.<\/p>\n\n\n\n<p>The region offers a variety of opportunities to suit all interests, whether in the arts, culture, the environment, or community support.<\/p>\n\n\n\n<h3 class=\"wp-block-heading\">How to Become a Volunteer?<\/h3>\n\n\n\n<ul class=\"wp-block-list\">\n<li>contact local organizations, see <a href=\"https:\/\/www.infocheticamp.ca\/en\/live-here\/get-involved\/\" target=\"_blank\" rel=\"noreferrer noopener nofollow\">the list of non-profit organizations in the Ch\u00e9ticamp region<\/a>.<\/li>\n<\/ul>\n\n\n\n<ul class=\"wp-block-list\">\n<li>participate in information sessions. Some organizations hold volunteer appreciation evenings or orientation sessions to recruit and train volunteers.<\/li>\n<\/ul>\n\n\n\n<ul class=\"wp-block-list\">\n<li>join a provincial Francophone group that can direct you to regional activities (see <a href=\"https:\/\/www.acadiene.ca\/membres\/\" target=\"_blank\" rel=\"noreferrer noopener nofollow\">the provincial member organizations of the F\u00e9d\u00e9ration acadienne de Nouvelle-\u00c9cosse<\/a>).<\/li>\n<\/ul>\n\n\n\n<p>Ch\u00e9ticamp is full of opportunities for those who want to get involved and enrich their experience while supporting a welcoming and dynamic community.<\/p>\n","protected":false},"excerpt":{"rendered":"<p>Why Become a Volunteer? Getting involved in the community of Ch\u00e9ticamp allows you to contribute to its vitality while forging strong ties with its residents. Volunteering will allow you to develop your skills through training, meet other community members, and actively contribute to local development. The region offers a variety of opportunities to suit all<a class=\"moretag\" href=\"https:\/\/www.cfacheticamp.ca\/en\/employment-and-volunteering\/getting-involved\/\"> Read the full article&#8230;<\/a><\/p>\n","protected":false},"author":1,"featured_media":0,"parent":665,"menu_order":0,"comment_status":"closed","ping_status":"closed","template":"wp-custom-template-cfa-pages-propos-sub-en-01","meta":{"footnotes":""},"class_list":["post-686","page","type-page","status-publish","hentry"],"_links":{"self":[{"href":"https:\/\/www.cfacheticamp.ca\/en\/wp-json\/wp\/v2\/pages\/686","targetHints":{"allow":["GET"]}}],"collection":[{"href":"https:\/\/www.cfacheticamp.ca\/en\/wp-json\/wp\/v2\/pages"}],"about":[{"href":"https:\/\/www.cfacheticamp.ca\/en\/wp-json\/wp\/v2\/types\/page"}],"author":[{"embeddable":true,"href":"https:\/\/www.cfacheticamp.ca\/en\/wp-json\/wp\/v2\/users\/1"}],"replies":[{"embeddable":true,"href":"https:\/\/www.cfacheticamp.ca\/en\/wp-json\/wp\/v2\/comments?post=686"}],"version-history":[{"count":2,"href":"https:\/\/www.cfacheticamp.ca\/en\/wp-json\/wp\/v2\/pages\/686\/revisions"}],"predecessor-version":[{"id":1914,"href":"https:\/\/www.cfacheticamp.ca\/en\/wp-json\/wp\/v2\/pages\/686\/revisions\/1914"}],"up":[{"embeddable":true,"href":"https:\/\/www.cfacheticamp.ca\/en\/wp-json\/wp\/v2\/pages\/665"}],"wp:attachment":[{"href":"https:\/\/www.cfacheticamp.ca\/en\/wp-json\/wp\/v2\/media?parent=686"}],"curies":[{"name":"wp","href":"https:\/\/api.w.org\/{rel}","templated":true}]}}