{"id":33,"date":"2025-03-26T16:48:20","date_gmt":"2025-03-26T19:48:20","guid":{"rendered":"https:\/\/www.cfacheticamp.ca\/?page_id=33"},"modified":"2025-06-11T11:36:09","modified_gmt":"2025-06-11T14:36:09","slug":"privacy-policy","status":"publish","type":"page","link":"https:\/\/www.cfacheticamp.ca\/en\/privacy-policy\/","title":{"rendered":"Privacy Policy"},"content":{"rendered":"\n<h2 class=\"wp-block-heading\">Who we are<\/h2>\n\n\n\n<p>The Welcoming Francophone Community of the Ch\u00e9ticamp Region is a Canadian government initiative funded by the department of Immigration, Refugees and Citizenship Canada. The Welcoming Francophone Community of the Ch\u00e9ticamp Region is led by La Soci\u00e9t\u00e9 Saint-Pierre of the Ch\u00e9ticamp region and is supported by various local community groups.<\/p>\n\n\n\n<p>Our website addresses are: www.cfacheticamp.ca and&nbsp;www.cfacheticamp.com<\/p>\n\n\n\n<h2 class=\"wp-block-heading\">Our contact information is:<\/h2>\n\n\n\n<p><strong>Welcoming Francophone Community of the Ch\u00e9ticamp Region<\/strong><br>15118 Cabot Trail<br>Ch\u00e9ticamp, Nova Scotia<br>B0E 1H0, Canada<br>Tel.: 902-224-7056<br>Email: <a href=\"mailto:info@cfacheticamp.ca\">info@cfacheticamp.ca<\/a><\/p>\n\n\n\n<h2 class=\"wp-block-heading\">Privacy Policy<\/h2>\n\n\n\n<p>The website (cfacheticamp.ca, cfacheticamp.com) does not automatically collect personal information from clients or from website visitors. The Welcoming Francophone Community of the Ch\u00e9ticamp Region and its operators or associates do not and will not release any personal information belonging to clients or belonging to website visitors to any third party organization without acknowledgement and consent from the client or website visitor.<\/p>\n\n\n\n<p>Personal data collected by The Welcoming Francophone Community of the Ch\u00e9ticamp Region and its operators or associates is strictly intended for the production of products and services requested by the client or website visitor and for the delivery of products and services to the client.<\/p>\n\n\n\n<p>Clients or website visitors may at any time request a copy of personal data currently being used by The Welcoming Francophone Community of the Ch\u00e9ticamp Region for the production and delivery of products and services.<\/p>\n\n\n\n<p>Updates to this data or personal information can be performed at anytime. The Welcoming Francophone Community of the Ch\u00e9ticamp Region and its operators or associates may ask the client to provide certain authorization credentials before supplying the client with the requested information or updating personal data and account information.<\/p>\n\n\n\n<h2 class=\"wp-block-heading\">Embedded content from other websites<\/h2>\n\n\n\n<p>Articles on this site may include embedded content (e.g. videos, images, articles, fonts, etc.). Embedded content from other websites behaves in the exact same way as if the visitor has visited the other website.<\/p>\n\n\n\n<p>These websites may collect data about you, use cookies, embed additional third-party tracking, and monitor your interaction with that embedded content, including tracing your interaction with the embedded content if you have an account and are logged in to that website.<\/p>\n","protected":false},"excerpt":{"rendered":"<p>Who we are The Welcoming Francophone Community of the Ch\u00e9ticamp Region is a Canadian government initiative funded by the department of Immigration, Refugees and Citizenship Canada. The Welcoming Francophone Community of the Ch\u00e9ticamp Region is led by La Soci\u00e9t\u00e9 Saint-Pierre of the Ch\u00e9ticamp region and is supported by various local community groups. Our website addresses<a class=\"moretag\" href=\"https:\/\/www.cfacheticamp.ca\/en\/privacy-policy\/\"> Read the full article&#8230;<\/a><\/p>\n","protected":false},"author":1,"featured_media":0,"parent":0,"menu_order":0,"comment_status":"closed","ping_status":"closed","template":"wp-custom-template-cfa-pages-en-01","meta":{"footnotes":""},"class_list":["post-33","page","type-page","status-publish","hentry"],"_links":{"self":[{"href":"https:\/\/www.cfacheticamp.ca\/en\/wp-json\/wp\/v2\/pages\/33","targetHints":{"allow":["GET"]}}],"collection":[{"href":"https:\/\/www.cfacheticamp.ca\/en\/wp-json\/wp\/v2\/pages"}],"about":[{"href":"https:\/\/www.cfacheticamp.ca\/en\/wp-json\/wp\/v2\/types\/page"}],"author":[{"embeddable":true,"href":"https:\/\/www.cfacheticamp.ca\/en\/wp-json\/wp\/v2\/users\/1"}],"replies":[{"embeddable":true,"href":"https:\/\/www.cfacheticamp.ca\/en\/wp-json\/wp\/v2\/comments?post=33"}],"version-history":[{"count":14,"href":"https:\/\/www.cfacheticamp.ca\/en\/wp-json\/wp\/v2\/pages\/33\/revisions"}],"predecessor-version":[{"id":2008,"href":"https:\/\/www.cfacheticamp.ca\/en\/wp-json\/wp\/v2\/pages\/33\/revisions\/2008"}],"wp:attachment":[{"href":"https:\/\/www.cfacheticamp.ca\/en\/wp-json\/wp\/v2\/media?parent=33"}],"curies":[{"name":"wp","href":"https:\/\/api.w.org\/{rel}","templated":true}]}}