{"id":131,"date":"2025-03-26T23:07:21","date_gmt":"2025-03-27T02:07:21","guid":{"rendered":"https:\/\/www.cfacheticamp.ca\/?page_id=131"},"modified":"2025-11-04T14:18:08","modified_gmt":"2025-11-04T18:18:08","slug":"contact","status":"publish","type":"page","link":"https:\/\/www.cfacheticamp.ca\/en\/contact\/","title":{"rendered":"Contact"},"content":{"rendered":"\n<p>The Welcoming Francophone Community of the Ch\u00e9ticamp Region<\/p>\n\n\n\n<p>Tel.: <a href=\"tel:+19022247056\">902-224-7056<\/a><br>Email: <a href=\"mailto:info@cfacheticamp.ca\">info@cfacheticamp.ca<\/a><\/p>\n\n\n\n<div class=\"wp-block-buttons is-layout-flex wp-block-buttons-is-layout-flex\">\n<div class=\"wp-block-button facebook-btn\"><a class=\"wp-block-button__link has-blue-3-background-color has-background wp-element-button\" href=\"https:\/\/www.facebook.com\/cfacheticamp\/\" target=\"_blank\" rel=\" noreferrer noopener nofollow\">\/cfacheticamp<\/a><\/div>\n<\/div>\n\n\n\n<p><strong>Office hours<\/strong><br>Monday to Friday: 8:30 am to 4:30 pm<br>Saturday and Sunday: Closed<br>It is currently <span id=\"Local_Time\"><\/span> in Ch\u00e9ticamp, NS.<\/p>\n\n\n\n<div class=\"wp-block-group is-layout-grid wp-container-core-group-is-layout-e1155f73 wp-block-group-is-layout-grid\">\n<p><strong>Civic address:<\/strong><br>Welcoming Francophone Community of the Ch\u00e9ticamp Region<br>15118 Cabot Trail<br>Ch\u00e9ticamp, NS.<br>B0E 1H0. Canada<\/p>\n\n\n\n<p><strong>Postal address:<\/strong><br>Welcoming Francophone Community of the Ch\u00e9ticamp Region<br>P.O. Box 430<br>Ch\u00e9ticamp, NS.<br>B0E 1H0. Canada<\/p>\n<\/div>\n\n\n\n<h2 class=\"wp-block-heading\">Location<\/h2>\n\n\n\n<div class=\"wp-block-group cont-style is-content-justification-center is-nowrap is-layout-flex wp-container-core-group-is-layout-23441af8 wp-block-group-is-layout-flex\">\n<iframe src=\"https:\/\/www.google.com\/maps\/embed?pb=!1m18!1m12!1m3!1d2740.0952129524394!2d-61.016674987676716!3d46.624881070996274!2m3!1f0!2f0!3f0!3m2!1i1024!2i768!4f13.1!3m3!1m2!1s0x4b67141e96e2148b%3A0x7109cf09bd75de99!2s15118%20Cabot%20Trail%2C%20Ch%C3%A9ticamp%2C%20NS%20B0E%201H0!5e0!3m2!1sen!2sca!4v1743085019734!5m2!1sen!2sca\" width=\"800\" height=\"450\" style=\"border:0;\" allowfullscreen=\"\" class=\"iframe-style\" loading=\"lazy\" referrerpolicy=\"no-referrer-when-downgrade\"><\/iframe>\n<\/div>\n\n\n\n<div class=\"wp-block-buttons is-layout-flex wp-block-buttons-is-layout-flex\">\n<div class=\"wp-block-button directions-btn\"><a class=\"wp-block-button__link has-blue-3-background-color has-background wp-element-button\" href=\"https:\/\/www.google.com\/maps\/dir\/\/15118+Cabot+Trail+Ch\u00e9ticamp,+NS+B0E+1H0\/@46.6248811,-61.0140947,16z\/data=!4m8!4m7!1m0!1m5!1m1!1s0x4b67141e96e2148b:0x7109cf09bd75de99!2m2!1d-61.0140947!2d46.6248811?entry=ttu&amp;g_ep=EgoyMDI1MDMyNC4wIKXMDSoJLDEwMjExNjM5SAFQAw%3D%3D\" target=\"_blank\" rel=\" noreferrer noopener nofollow\">Get Directions<\/a><\/div>\n<\/div>\n\n\n\n<h2 class=\"wp-block-heading\">Send a Message<\/h2>\n\n\n<style id=\"wpforms-css-vars-137-block-012dd588-eb3f-4e84-a3d0-681f0a11fb19\">\n\t\t\t\t#wpforms-137.wpforms-block-012dd588-eb3f-4e84-a3d0-681f0a11fb19 {\n\t\t\t\t--wpforms-field-size-input-height: 43px;\n--wpforms-field-size-input-spacing: 15px;\n--wpforms-field-size-font-size: 16px;\n--wpforms-field-size-line-height: 19px;\n--wpforms-field-size-padding-h: 14px;\n--wpforms-field-size-checkbox-size: 16px;\n--wpforms-field-size-sublabel-spacing: 5px;\n--wpforms-field-size-icon-size: 1;\n--wpforms-label-size-font-size: 16px;\n--wpforms-label-size-line-height: 19px;\n--wpforms-label-size-sublabel-font-size: 14px;\n--wpforms-label-size-sublabel-line-height: 17px;\n--wpforms-button-size-font-size: 17px;\n--wpforms-button-size-height: 41px;\n--wpforms-button-size-padding-h: 15px;\n--wpforms-button-size-margin-top: 10px;\n\t\t\t}\n\t\t\t<\/style><div class=\"wpforms-container wpforms-container-full wpforms-block wpforms-block-012dd588-eb3f-4e84-a3d0-681f0a11fb19 wpforms-render-modern\" id=\"wpforms-137\"><form id=\"wpforms-form-137\" class=\"wpforms-validate wpforms-form wpforms-ajax-form\" data-formid=\"137\" method=\"post\" enctype=\"multipart\/form-data\" action=\"\/en\/wp-json\/wp\/v2\/pages\/131\" data-token=\"3359aeae2e002582133da4802eb51853\" data-token-time=\"1777072119\"><noscript class=\"wpforms-error-noscript\">Please enable JavaScript in your browser to complete this form.<\/noscript><div id=\"wpforms-error-noscript\" style=\"display: none;\">Please enable JavaScript in your browser to complete this form.<\/div><div class=\"wpforms-field-container\"><div id=\"wpforms-137-field_1-container\" class=\"wpforms-field wpforms-field-name\" data-field-id=\"1\"><fieldset><legend class=\"wpforms-field-label wpforms-label-hide\" aria-hidden=\"false\">Name <span class=\"wpforms-required-label\" aria-hidden=\"true\">*<\/span><\/legend><div class=\"wpforms-field-row wpforms-field-large\"><div class=\"wpforms-field-row-block wpforms-first wpforms-one-half\"><input type=\"text\" id=\"wpforms-137-field_1\" class=\"wpforms-field-name-first wpforms-field-required\" name=\"wpforms[fields][1][first]\" placeholder=\"First Name\" aria-errormessage=\"wpforms-137-field_1-error\" required><label for=\"wpforms-137-field_1\" class=\"wpforms-field-sublabel after wpforms-sublabel-hide\">First<\/label><\/div><div class=\"wpforms-field-row-block wpforms-one-half\"><input type=\"text\" id=\"wpforms-137-field_1-last\" class=\"wpforms-field-name-last wpforms-field-required\" name=\"wpforms[fields][1][last]\" placeholder=\"Last Name\" aria-errormessage=\"wpforms-137-field_1-last-error\" required><label for=\"wpforms-137-field_1-last\" class=\"wpforms-field-sublabel after wpforms-sublabel-hide\">Last<\/label><\/div><\/div><\/fieldset><\/div>\t\t<div id=\"wpforms-137-field_4-container\"\n\t\t\tclass=\"wpforms-field wpforms-field-text\"\n\t\t\tdata-field-type=\"text\"\n\t\t\tdata-field-id=\"4\"\n\t\t\t>\n\t\t\t<label class=\"wpforms-field-label\" for=\"wpforms-137-field_4\" >Name Message Email<\/label>\n\t\t\t<input type=\"text\" id=\"wpforms-137-field_4\" class=\"wpforms-field-medium\" name=\"wpforms[fields][4]\" >\n\t\t<\/div>\n\t\t<div id=\"wpforms-137-field_2-container\" class=\"wpforms-field wpforms-field-email\" data-field-id=\"2\"><label class=\"wpforms-field-label wpforms-label-hide\" for=\"wpforms-137-field_2\" aria-hidden=\"false\">Email <span class=\"wpforms-required-label\" aria-hidden=\"true\">*<\/span><\/label><input type=\"email\" id=\"wpforms-137-field_2\" class=\"wpforms-field-large wpforms-field-required\" name=\"wpforms[fields][2]\" placeholder=\"Your email address\" spellcheck=\"false\" aria-errormessage=\"wpforms-137-field_2-error\" required><\/div><div id=\"wpforms-137-field_3-container\" class=\"wpforms-field wpforms-field-textarea\" data-field-id=\"3\"><label class=\"wpforms-field-label wpforms-label-hide\" for=\"wpforms-137-field_3\" aria-hidden=\"false\">Message <span class=\"wpforms-required-label\" aria-hidden=\"true\">*<\/span><\/label><textarea id=\"wpforms-137-field_3\" class=\"wpforms-field-medium wpforms-field-required\" name=\"wpforms[fields][3]\" placeholder=\"Enter your message here...\" aria-errormessage=\"wpforms-137-field_3-error\" required><\/textarea><\/div><script>\n\t\t\t\t( function() {\n\t\t\t\t\tconst style = document.createElement( 'style' );\n\t\t\t\t\tstyle.appendChild( document.createTextNode( '#wpforms-137-field_4-container { position: absolute !important; overflow: hidden !important; display: inline !important; height: 1px !important; width: 1px !important; z-index: -1000 !important; padding: 0 !important; } #wpforms-137-field_4-container input { visibility: hidden; } #wpforms-conversational-form-page #wpforms-137-field_4-container label { counter-increment: none; }' ) );\n\t\t\t\t\tdocument.head.appendChild( style );\n\t\t\t\t\tdocument.currentScript?.remove();\n\t\t\t\t} )();\n\t\t\t<\/script><\/div><!-- .wpforms-field-container --><div class=\"wpforms-recaptcha-container wpforms-is-turnstile\" ><div class=\"wpforms-turnstile\" data-sitekey=\"0x4AAAAAABBov5uWrwwHnotd\" data-action=\"FormID-137\"><\/div><input type=\"text\" name=\"g-recaptcha-hidden\" class=\"wpforms-recaptcha-hidden\" style=\"position:absolute!important;clip:rect(0,0,0,0)!important;height:1px!important;width:1px!important;border:0!important;overflow:hidden!important;padding:0!important;margin:0!important;\" data-rule-turnstile=\"1\"><\/div><div class=\"wpforms-submit-container\" ><input type=\"hidden\" name=\"wpforms[id]\" value=\"137\"><input type=\"hidden\" name=\"page_title\" value=\"\"><input type=\"hidden\" name=\"page_url\" value=\"https:\/\/www.cfacheticamp.ca\/en\/wp-json\/wp\/v2\/pages\/131\"><input type=\"hidden\" name=\"url_referer\" value=\"\"><button type=\"submit\" name=\"wpforms[submit]\" id=\"wpforms-submit-137\" class=\"wpforms-submit send-btn\" data-alt-text=\"Sending...\" data-submit-text=\"Send\" aria-live=\"assertive\" value=\"wpforms-submit\">Send<\/button><img loading=\"lazy\" decoding=\"async\" src=\"https:\/\/www.cfacheticamp.ca\/wp-content\/plugins\/wpforms-lite\/assets\/images\/submit-spin.svg\" class=\"wpforms-submit-spinner\" style=\"display: none;\" width=\"26\" height=\"26\" alt=\"Loading\"><\/div><\/form><\/div>  <!-- .wpforms-container -->","protected":false},"excerpt":{"rendered":"<p>The Welcoming Francophone Community of the Ch\u00e9ticamp Region Tel.: 902-224-7056Email: info@cfacheticamp.ca Office hoursMonday to Friday: 8:30 am to 4:30 pmSaturday and Sunday: ClosedIt is currently in Ch\u00e9ticamp, NS. Civic address:Welcoming Francophone Community of the Ch\u00e9ticamp Region15118 Cabot TrailCh\u00e9ticamp, NS.B0E 1H0. Canada Postal address:Welcoming Francophone Community of the Ch\u00e9ticamp RegionP.O. Box 430Ch\u00e9ticamp, NS.B0E 1H0. Canada Location<a class=\"moretag\" href=\"https:\/\/www.cfacheticamp.ca\/en\/contact\/\"> Read the full article&#8230;<\/a><\/p>\n","protected":false},"author":1,"featured_media":0,"parent":0,"menu_order":0,"comment_status":"closed","ping_status":"closed","template":"wp-custom-template-cfa-pages-en-01","meta":{"footnotes":""},"class_list":["post-131","page","type-page","status-publish","hentry"],"_links":{"self":[{"href":"https:\/\/www.cfacheticamp.ca\/en\/wp-json\/wp\/v2\/pages\/131","targetHints":{"allow":["GET"]}}],"collection":[{"href":"https:\/\/www.cfacheticamp.ca\/en\/wp-json\/wp\/v2\/pages"}],"about":[{"href":"https:\/\/www.cfacheticamp.ca\/en\/wp-json\/wp\/v2\/types\/page"}],"author":[{"embeddable":true,"href":"https:\/\/www.cfacheticamp.ca\/en\/wp-json\/wp\/v2\/users\/1"}],"replies":[{"embeddable":true,"href":"https:\/\/www.cfacheticamp.ca\/en\/wp-json\/wp\/v2\/comments?post=131"}],"version-history":[{"count":27,"href":"https:\/\/www.cfacheticamp.ca\/en\/wp-json\/wp\/v2\/pages\/131\/revisions"}],"predecessor-version":[{"id":2483,"href":"https:\/\/www.cfacheticamp.ca\/en\/wp-json\/wp\/v2\/pages\/131\/revisions\/2483"}],"wp:attachment":[{"href":"https:\/\/www.cfacheticamp.ca\/en\/wp-json\/wp\/v2\/media?parent=131"}],"curies":[{"name":"wp","href":"https:\/\/api.w.org\/{rel}","templated":true}]}}