{"id":129,"date":"2025-03-26T22:49:34","date_gmt":"2025-03-27T01:49:34","guid":{"rendered":"https:\/\/www.cfacheticamp.ca\/?page_id=129"},"modified":"2025-09-18T16:10:27","modified_gmt":"2025-09-18T19:10:27","slug":"team","status":"publish","type":"page","link":"https:\/\/www.cfacheticamp.ca\/en\/about\/team\/","title":{"rendered":"Team"},"content":{"rendered":"\n<p>The Welcoming Francophone Community initiative is a program managed by <a href=\"https:\/\/www.lestroispignons.com\/la-societe-saint-pierre\/\" data-type=\"link\" data-id=\"https:\/\/www.lestroispignons.com\/la-societe-saint-pierre\/\" target=\"_blank\" rel=\"noreferrer noopener nofollow\">Soci\u00e9t\u00e9 Saint-Pierre<\/a>.<\/p>\n\n\n\n<h2 class=\"wp-block-heading\">Staff Members<\/h2>\n\n\n\n<p><strong>Betty Ann Cormier<\/strong><br>Coordinator<br>CFA Ch\u00e9ticamp Region<br>Email: <a href=\"mailto:info@cfacheticamp.ca\">info@cfacheticamp.ca<\/a><\/p>\n\n\n\n<p><strong>Lisette Aucoin-Bourgeois<\/strong><br>Executive Director<br>Soci\u00e9t\u00e9 Saint-Pierre<br>Email: <a href=\"mailto:dg@lestroispignons.com\">dg@lestroispignons.com<\/a><\/p>\n\n\n\n<p><strong>Fawnda Hach\u00e9<\/strong><br>Director of Programming\/Marketing<br>Community Events Coordinator<br>Soci\u00e9t\u00e9 Saint-Pierre<br>Email: <a href=\"mailto:fawnda@lestroispignons.com\">fawnda@lestroispignons.com<\/a><\/p>\n\n\n\n<h2 class=\"wp-block-heading\">Community Advisory Committee<\/h2>\n\n\n\n<p>The initiative is overseen by the Community Advisory Committee (CAC), which is made up of six volunteers from organizations representing the community of the Ch\u00e9ticamp region and observer members.<\/p>\n\n\n\n<p>This committee:<\/p>\n\n\n\n<ul class=\"wp-block-list\">\n<li>Is tasked with establishing the The Welcoming Francophone Community of the Ch\u00e9ticamp region&#8217;s priorities, identifying activities\/projects\/costs and making related recommendations<\/li>\n\n\n\n<li>Acts as an intermediary for conveying information on the initiative\u2019s progress between the <a href=\"https:\/\/rifne.ca\/\" data-type=\"link\" data-id=\"https:\/\/rifne.ca\/\" target=\"_blank\" rel=\"noreferrer noopener nofollow\">R\u00e9seau en Immigration Francophone de la Nouvelle-\u00c9cosse<\/a> (RIFN\u00c9) local partnerships and the Welcoming Francophone Community of the Ch\u00e9ticamp region.<\/li>\n<\/ul>\n\n\n\n<p>During its meetings, the CAC is accompanied by the program manager.<\/p>\n","protected":false},"excerpt":{"rendered":"<p>The Welcoming Francophone Community initiative is a program managed by Soci\u00e9t\u00e9 Saint-Pierre. Staff Members Betty Ann CormierCoordinatorCFA Ch\u00e9ticamp RegionEmail: info@cfacheticamp.ca Lisette Aucoin-BourgeoisExecutive DirectorSoci\u00e9t\u00e9 Saint-PierreEmail: dg@lestroispignons.com Fawnda Hach\u00e9Director of Programming\/MarketingCommunity Events CoordinatorSoci\u00e9t\u00e9 Saint-PierreEmail: fawnda@lestroispignons.com Community Advisory Committee The initiative is overseen by the Community Advisory Committee (CAC), which is made up of six volunteers from organizations<a class=\"moretag\" href=\"https:\/\/www.cfacheticamp.ca\/en\/about\/team\/\"> Read the full article&#8230;<\/a><\/p>\n","protected":false},"author":1,"featured_media":0,"parent":127,"menu_order":0,"comment_status":"closed","ping_status":"closed","template":"wp-custom-template-cfa-pages-propos-sub-en-01-2","meta":{"footnotes":""},"class_list":["post-129","page","type-page","status-publish","hentry"],"_links":{"self":[{"href":"https:\/\/www.cfacheticamp.ca\/en\/wp-json\/wp\/v2\/pages\/129","targetHints":{"allow":["GET"]}}],"collection":[{"href":"https:\/\/www.cfacheticamp.ca\/en\/wp-json\/wp\/v2\/pages"}],"about":[{"href":"https:\/\/www.cfacheticamp.ca\/en\/wp-json\/wp\/v2\/types\/page"}],"author":[{"embeddable":true,"href":"https:\/\/www.cfacheticamp.ca\/en\/wp-json\/wp\/v2\/users\/1"}],"replies":[{"embeddable":true,"href":"https:\/\/www.cfacheticamp.ca\/en\/wp-json\/wp\/v2\/comments?post=129"}],"version-history":[{"count":17,"href":"https:\/\/www.cfacheticamp.ca\/en\/wp-json\/wp\/v2\/pages\/129\/revisions"}],"predecessor-version":[{"id":2190,"href":"https:\/\/www.cfacheticamp.ca\/en\/wp-json\/wp\/v2\/pages\/129\/revisions\/2190"}],"up":[{"embeddable":true,"href":"https:\/\/www.cfacheticamp.ca\/en\/wp-json\/wp\/v2\/pages\/127"}],"wp:attachment":[{"href":"https:\/\/www.cfacheticamp.ca\/en\/wp-json\/wp\/v2\/media?parent=129"}],"curies":[{"name":"wp","href":"https:\/\/api.w.org\/{rel}","templated":true}]}}